{"id":3385,"date":"2024-03-21T11:26:38","date_gmt":"2024-03-21T10:26:38","guid":{"rendered":"https:\/\/bodegaspedroheras.com\/?post_type=product&#038;p=3385"},"modified":"2025-01-22T13:13:34","modified_gmt":"2025-01-22T12:13:34","slug":"pedroheras-airen-ecologico","status":"publish","type":"product","link":"https:\/\/bodegaspedroheras.com\/en\/producto\/pedroheras-airen-ecologico\/","title":{"rendered":"(Espa\u00f1ol) PEDROHERAS AIR\u00c9N ECOL\u00d3GICO"},"content":{"rendered":"<p class=\"qtranxs-available-languages-message qtranxs-available-languages-message-en\">Sorry, this entry is only available in <a href=\"https:\/\/bodegaspedroheras.com\/es\/wp-json\/wp\/v2\/product\/3385\" class=\"qtranxs-available-language-link qtranxs-available-language-link-es\" title=\"Espa\u00f1ol\">Espa\u00f1ol<\/a>. For the sake of viewer convenience, the content is shown below in the alternative language. You may click the link to switch the active language.<\/p><p>[vc_row equal_height=&#8221;yes&#8221; css=&#8221;.vc_custom_1631536110797{margin-bottom: -24px !important;padding-bottom: 0px !important;}&#8221;][vc_column width=&#8221;2\/12&#8243; el_class=&#8221;cata&#8221; offset=&#8221;vc_col-xs-3&#8243;][vc_single_image image=&#8221;2526&#8243; img_size=&#8221;full&#8221; alignment=&#8221;right&#8221;][\/vc_column][vc_column width=&#8221;10\/12&#8243; offset=&#8221;vc_col-xs-9&#8243;][vc_column_text el_class=&#8221;cata&#8221; css=&#8221;.vc_custom_1631693236081{padding-top: 10px !important;}&#8221;]<strong>A\u00f1ada:<\/strong> 2024[\/vc_column_text][\/vc_column][\/vc_row][vc_row equal_height=&#8221;yes&#8221; css=&#8221;.vc_custom_1631536142237{margin-bottom: -24px !important;}&#8221;][vc_column width=&#8221;2\/12&#8243; el_class=&#8221;cata&#8221; offset=&#8221;vc_col-xs-3&#8243;][vc_single_image image=&#8221;2527&#8243; img_size=&#8221;full&#8221; alignment=&#8221;right&#8221;][\/vc_column][vc_column width=&#8221;10\/12&#8243; offset=&#8221;vc_col-xs-9&#8243;][vc_column_text el_class=&#8221;cata&#8221; css=&#8221;.vc_custom_1631693228943{padding-top: 10px !important;}&#8221;]<strong>Tipo de Etiqueta:<\/strong> Joven.[\/vc_column_text][\/vc_column][\/vc_row][vc_row equal_height=&#8221;yes&#8221; css=&#8221;.vc_custom_1631536163058{margin-bottom: -24px !important;}&#8221;][vc_column width=&#8221;2\/12&#8243; el_class=&#8221;cata&#8221; offset=&#8221;vc_col-xs-3&#8243;][vc_single_image image=&#8221;2528&#8243; img_size=&#8221;full&#8221; alignment=&#8221;right&#8221;][\/vc_column][vc_column width=&#8221;10\/12&#8243; offset=&#8221;vc_col-xs-9&#8243;][vc_column_text el_class=&#8221;cata&#8221; css=&#8221;.vc_custom_1631693256050{padding-top: 10px !important;}&#8221;]<strong>Origen:<\/strong> Varietal.[\/vc_column_text][\/vc_column][\/vc_row][vc_row equal_height=&#8221;yes&#8221; css=&#8221;.vc_custom_1631536177924{margin-bottom: -24px !important;}&#8221;][vc_column width=&#8221;2\/12&#8243; el_class=&#8221;cata&#8221; offset=&#8221;vc_col-xs-3&#8243;][vc_single_image image=&#8221;2529&#8243; img_size=&#8221;full&#8221; alignment=&#8221;right&#8221;][\/vc_column][vc_column width=&#8221;10\/12&#8243; offset=&#8221;vc_col-xs-9&#8243;][vc_column_text el_class=&#8221;cata&#8221; css=&#8221;.vc_custom_1631694167744{padding-top: 10px !important;}&#8221;]<strong>Uva:<\/strong>\u00a0100% Air\u00e9n ECO[\/vc_column_text][\/vc_column][\/vc_row][vc_row][vc_column width=&#8221;2\/12&#8243; el_class=&#8221;cata&#8221; offset=&#8221;vc_col-xs-3&#8243;][vc_single_image image=&#8221;2521&#8243; img_size=&#8221;full&#8221; alignment=&#8221;right&#8221;][\/vc_column][vc_column width=&#8221;10\/12&#8243; offset=&#8221;vc_col-xs-9&#8243;][vc_column_text el_class=&#8221;cata&#8221; css=&#8221;.vc_custom_1631694178768{padding-top: 10px !important;}&#8221;]<strong>Contenido Alcoh\u00f3lico:<\/strong>\u00a012%[\/vc_column_text][\/vc_column][\/vc_row][vc_row css=&#8221;.vc_custom_1631476855470{padding-top: 10px !important;}&#8221;][vc_column][vc_separator border_width=&#8221;2&#8243;][\/vc_column][\/vc_row][vc_row equal_height=&#8221;yes&#8221; css=&#8221;.vc_custom_1631536317404{margin-bottom: -15px !important;}&#8221;][vc_column width=&#8221;2\/12&#8243; offset=&#8221;vc_col-xs-3&#8243;][vc_single_image image=&#8221;2524&#8243; img_size=&#8221;full&#8221; alignment=&#8221;right&#8221;][\/vc_column][vc_column width=&#8221;10\/12&#8243; offset=&#8221;vc_col-xs-9&#8243;][vc_column_text el_class=&#8221;cata&#8221;]Vino con un tono suave y brillante de amarillo tenue.[\/vc_column_text][\/vc_column][\/vc_row][vc_row equal_height=&#8221;yes&#8221; css=&#8221;.vc_custom_1631536354257{margin-bottom: -10px !important;}&#8221;][vc_column width=&#8221;2\/12&#8243; offset=&#8221;vc_col-xs-3&#8243;][vc_single_image image=&#8221;2525&#8243; img_size=&#8221;full&#8221; alignment=&#8221;right&#8221;][\/vc_column][vc_column width=&#8221;10\/12&#8243; offset=&#8221;vc_col-xs-9&#8243;][vc_column_text el_class=&#8221;cata&#8221;]Destacan las notas de frutas tropicales como pi\u00f1a, pl\u00e1tano y maracuy\u00e1. Los aromas am\u00edlicos son los m\u00e1s prominentes.[\/vc_column_text][\/vc_column][\/vc_row][vc_row equal_height=&#8221;yes&#8221; css=&#8221;.vc_custom_1631536364371{margin-bottom: -10px !important;}&#8221;][vc_column width=&#8221;2\/12&#8243; offset=&#8221;vc_col-xs-3&#8243;][vc_single_image image=&#8221;2522&#8243; img_size=&#8221;full&#8221; alignment=&#8221;right&#8221;][\/vc_column][vc_column width=&#8221;10\/12&#8243; offset=&#8221;vc_col-xs-9&#8243;][vc_column_text el_class=&#8221;cata&#8221;]En boca, presenta una textura ligera y agradable, con una expresi\u00f3n notable y evocaciones de flores blancas como el azahar.[\/vc_column_text][\/vc_column][\/vc_row][vc_row equal_height=&#8221;yes&#8221; css=&#8221;.vc_custom_1631536409786{padding-top: 0px !important;}&#8221;][vc_column width=&#8221;2\/12&#8243; offset=&#8221;vc_col-xs-3&#8243;][vc_single_image image=&#8221;2523&#8243; img_size=&#8221;full&#8221; alignment=&#8221;right&#8221;][\/vc_column][vc_column width=&#8221;10\/12&#8243; offset=&#8221;vc_col-xs-9&#8243;][vc_column_text el_class=&#8221;cata&#8221;]Perfecto para disfrutar con una variedad de platos: pescados, mariscos, arroces, carnes blancas, sushi y tapas. Servir a 6-8\u00ba.[\/vc_column_text][\/vc_column][\/vc_row]<\/p>","protected":false},"excerpt":{"rendered":"<p>Sorry, this entry is only available in Espa\u00f1ol. For the sake of viewer convenience, the content is shown below in the alternative language. You may click the link to switch the active language.[vc_row equal_height=&#8221;yes&#8221; css=&#8221;.vc_custom_1631536110797{margin-bottom: -24px !important;padding-bottom: 0px !important;}&#8221;][vc_column width=&#8221;2\/12&#8243; el_class=&#8221;cata&#8221; offset=&#8221;vc_col-xs-3&#8243;][vc_single_image image=&#8221;2526&#8243; img_size=&#8221;full&#8221; alignment=&#8221;right&#8221;][\/vc_column][vc_column width=&#8221;10\/12&#8243; offset=&#8221;vc_col-xs-9&#8243;][vc_column_text el_class=&#8221;cata&#8221; css=&#8221;.vc_custom_1631693236081{padding-top: 10px !important;}&#8221;]A\u00f1ada: 2024[\/vc_column_text][\/vc_column][\/vc_row][vc_row equal_height=&#8221;yes&#8221; css=&#8221;.vc_custom_1631536142237{margin-bottom: -24px [&hellip;]<\/p>\n","protected":false},"featured_media":3386,"template":"","meta":[],"product_brand":[],"product_cat":[78],"product_tag":[],"class_list":{"0":"post-3385","1":"product","2":"type-product","3":"status-publish","4":"has-post-thumbnail","6":"product_cat-uncategorized","7":"product_shipping_class-cajas-botellas","9":"first","10":"instock","11":"shipping-taxable","12":"purchasable","13":"product-type-simple"},"_links":{"self":[{"href":"https:\/\/bodegaspedroheras.com\/en\/wp-json\/wp\/v2\/product\/3385","targetHints":{"allow":["GET"]}}],"collection":[{"href":"https:\/\/bodegaspedroheras.com\/en\/wp-json\/wp\/v2\/product"}],"about":[{"href":"https:\/\/bodegaspedroheras.com\/en\/wp-json\/wp\/v2\/types\/product"}],"wp:featuredmedia":[{"embeddable":true,"href":"https:\/\/bodegaspedroheras.com\/en\/wp-json\/wp\/v2\/media\/3386"}],"wp:attachment":[{"href":"https:\/\/bodegaspedroheras.com\/en\/wp-json\/wp\/v2\/media?parent=3385"}],"wp:term":[{"taxonomy":"product_brand","embeddable":true,"href":"https:\/\/bodegaspedroheras.com\/en\/wp-json\/wp\/v2\/product_brand?post=3385"},{"taxonomy":"product_cat","embeddable":true,"href":"https:\/\/bodegaspedroheras.com\/en\/wp-json\/wp\/v2\/product_cat?post=3385"},{"taxonomy":"product_tag","embeddable":true,"href":"https:\/\/bodegaspedroheras.com\/en\/wp-json\/wp\/v2\/product_tag?post=3385"}],"curies":[{"name":"wp","href":"https:\/\/api.w.org\/{rel}","templated":true}]}}