{"id":3249,"date":"2023-11-10T17:39:48","date_gmt":"2023-11-10T16:39:48","guid":{"rendered":"https:\/\/bodegaspedroheras.com\/?post_type=product&#038;p=3249"},"modified":"2024-03-22T16:24:16","modified_gmt":"2024-03-22T15:24:16","slug":"pedroheras-tempranillo-roble-edicion-limitada","status":"publish","type":"product","link":"https:\/\/bodegaspedroheras.com\/en\/producto\/pedroheras-tempranillo-roble-edicion-limitada\/","title":{"rendered":"(Espa\u00f1ol) PEDROHERAS TEMPRANILLO ROBLE (Edici\u00f3n limitada)"},"content":{"rendered":"<p class=\"qtranxs-available-languages-message qtranxs-available-languages-message-en\">Sorry, this entry is only available in <a href=\"https:\/\/bodegaspedroheras.com\/es\/wp-json\/wp\/v2\/product\/3249\" class=\"qtranxs-available-language-link qtranxs-available-language-link-es\" title=\"Espa\u00f1ol\">Espa\u00f1ol<\/a>. For the sake of viewer convenience, the content is shown below in the alternative language. You may click the link to switch the active language.<\/p><p>[vc_row equal_height=&#8221;yes&#8221; css=&#8221;.vc_custom_1631536110797{margin-bottom: -24px !important;padding-bottom: 0px !important;}&#8221;][vc_column width=&#8221;2\/12&#8243; el_class=&#8221;cata&#8221; offset=&#8221;vc_col-xs-3&#8243;][vc_single_image image=&#8221;2526&#8243; img_size=&#8221;full&#8221; alignment=&#8221;right&#8221;][\/vc_column][vc_column width=&#8221;10\/12&#8243; offset=&#8221;vc_col-xs-9&#8243;][vc_column_text el_class=&#8221;cata&#8221; css=&#8221;.vc_custom_1631693236081{padding-top: 10px !important;}&#8221;]<strong>A\u00f1ada:<\/strong> 2022[\/vc_column_text][\/vc_column][\/vc_row][vc_row equal_height=&#8221;yes&#8221; css=&#8221;.vc_custom_1631536142237{margin-bottom: -24px !important;}&#8221;][vc_column width=&#8221;2\/12&#8243; el_class=&#8221;cata&#8221; offset=&#8221;vc_col-xs-3&#8243;][vc_single_image image=&#8221;2527&#8243; img_size=&#8221;full&#8221; alignment=&#8221;right&#8221;][\/vc_column][vc_column width=&#8221;10\/12&#8243; offset=&#8221;vc_col-xs-9&#8243;][vc_column_text el_class=&#8221;cata&#8221; css=&#8221;.vc_custom_1631693228943{padding-top: 10px !important;}&#8221;]<strong>Tipo de Etiqueta:<\/strong> Envejecido en barrica.[\/vc_column_text][\/vc_column][\/vc_row][vc_row equal_height=&#8221;yes&#8221; css=&#8221;.vc_custom_1631536163058{margin-bottom: -24px !important;}&#8221;][vc_column width=&#8221;2\/12&#8243; el_class=&#8221;cata&#8221; offset=&#8221;vc_col-xs-3&#8243;][vc_single_image image=&#8221;2528&#8243; img_size=&#8221;full&#8221; alignment=&#8221;right&#8221;][\/vc_column][vc_column width=&#8221;10\/12&#8243; offset=&#8221;vc_col-xs-9&#8243;][vc_column_text el_class=&#8221;cata&#8221; css=&#8221;.vc_custom_1631693256050{padding-top: 10px !important;}&#8221;]<strong>Origen:<\/strong> DO La Mancha.[\/vc_column_text][\/vc_column][\/vc_row][vc_row equal_height=&#8221;yes&#8221; css=&#8221;.vc_custom_1631536177924{margin-bottom: -24px !important;}&#8221;][vc_column width=&#8221;2\/12&#8243; el_class=&#8221;cata&#8221; offset=&#8221;vc_col-xs-3&#8243;][vc_single_image image=&#8221;2529&#8243; img_size=&#8221;full&#8221; alignment=&#8221;right&#8221;][\/vc_column][vc_column width=&#8221;10\/12&#8243; offset=&#8221;vc_col-xs-9&#8243;][vc_column_text el_class=&#8221;cata&#8221; css=&#8221;.vc_custom_1631694167744{padding-top: 10px !important;}&#8221;]<strong>Uva:<\/strong>\u00a0100% Tempranillo[\/vc_column_text][\/vc_column][\/vc_row][vc_row][vc_column width=&#8221;2\/12&#8243; el_class=&#8221;cata&#8221; offset=&#8221;vc_col-xs-3&#8243;][vc_single_image image=&#8221;2521&#8243; img_size=&#8221;full&#8221; alignment=&#8221;right&#8221;][\/vc_column][vc_column width=&#8221;10\/12&#8243; offset=&#8221;vc_col-xs-9&#8243;][vc_column_text el_class=&#8221;cata&#8221; css=&#8221;.vc_custom_1631694178768{padding-top: 10px !important;}&#8221;]<strong>Contenido Alcoh\u00f3lico:<\/strong>\u00a014%[\/vc_column_text][\/vc_column][\/vc_row][vc_row css=&#8221;.vc_custom_1631476855470{padding-top: 10px !important;}&#8221;][vc_column][vc_separator border_width=&#8221;2&#8243;][\/vc_column][\/vc_row][vc_row equal_height=&#8221;yes&#8221; css=&#8221;.vc_custom_1631536317404{margin-bottom: -15px !important;}&#8221;][vc_column width=&#8221;2\/12&#8243; offset=&#8221;vc_col-xs-3&#8243;][vc_single_image image=&#8221;2524&#8243; img_size=&#8221;full&#8221; alignment=&#8221;right&#8221;][\/vc_column][vc_column width=&#8221;10\/12&#8243; offset=&#8221;vc_col-xs-9&#8243;][vc_column_text el_class=&#8221;cata&#8221;]De color rojo picota con reflejos viol\u00e1ceos.[\/vc_column_text][\/vc_column][\/vc_row][vc_row equal_height=&#8221;yes&#8221; css=&#8221;.vc_custom_1631536354257{margin-bottom: -10px !important;}&#8221;][vc_column width=&#8221;2\/12&#8243; offset=&#8221;vc_col-xs-3&#8243;][vc_single_image image=&#8221;2525&#8243; img_size=&#8221;full&#8221; alignment=&#8221;right&#8221;][\/vc_column][vc_column width=&#8221;10\/12&#8243; offset=&#8221;vc_col-xs-9&#8243;][vc_column_text el_class=&#8221;cata&#8221;]Aroma intenso a frutos rojos con notas de vainilla.[\/vc_column_text][\/vc_column][\/vc_row][vc_row equal_height=&#8221;yes&#8221; css=&#8221;.vc_custom_1631536364371{margin-bottom: -10px !important;}&#8221;][vc_column width=&#8221;2\/12&#8243; offset=&#8221;vc_col-xs-3&#8243;][vc_single_image image=&#8221;2522&#8243; img_size=&#8221;full&#8221; alignment=&#8221;right&#8221;][\/vc_column][vc_column width=&#8221;10\/12&#8243; offset=&#8221;vc_col-xs-9&#8243;][vc_column_text el_class=&#8221;cata&#8221;]En boca es suave, aterciopelado, muy equilibrado y con postgusto largo.[\/vc_column_text][\/vc_column][\/vc_row][vc_row equal_height=&#8221;yes&#8221; css=&#8221;.vc_custom_1631536409786{padding-top: 0px !important;}&#8221;][vc_column width=&#8221;2\/12&#8243; offset=&#8221;vc_col-xs-3&#8243;][vc_single_image image=&#8221;2523&#8243; img_size=&#8221;full&#8221; alignment=&#8221;right&#8221;][\/vc_column][vc_column width=&#8221;10\/12&#8243; offset=&#8221;vc_col-xs-9&#8243;][vc_column_text el_class=&#8221;cata&#8221;]Ideal para acompa\u00f1ar con verduras a la brasa, quesos semicurados, jam\u00f3n, embutidos ib\u00e9ricos y carnes guisadas y asadas. Servir a 12-16\u00ba.[\/vc_column_text][\/vc_column][\/vc_row]<\/p>","protected":false},"excerpt":{"rendered":"<p class=\"qtranxs-available-languages-message qtranxs-available-languages-message-en\">Sorry, this entry is only available in <a href=\"https:\/\/bodegaspedroheras.com\/es\/wp-json\/wp\/v2\/product\/3249\" class=\"qtranxs-available-language-link qtranxs-available-language-link-es\" title=\"Espa\u00f1ol\">Espa\u00f1ol<\/a>. For the sake of viewer convenience, the content is shown below in the alternative language. You may click the link to switch the active language.<\/p>\n<p>Elaborado de manera tradicional, con uvas de alta calidad de la variedad Tempranillo y envejecido durante dos meses en barricas de roble franc\u00e9s y roble americano. Con el sello distintivo de &#8220;LA MANCHA EXCELENTE&#8221;.<\/p>\n","protected":false},"featured_media":3250,"template":"","meta":[],"product_brand":[],"product_cat":[78],"product_tag":[],"class_list":{"0":"post-3249","1":"product","2":"type-product","3":"status-publish","4":"has-post-thumbnail","6":"product_cat-uncategorized","7":"product_shipping_class-cajas-botellas","9":"first","10":"instock","11":"shipping-taxable","12":"purchasable","13":"product-type-simple"},"_links":{"self":[{"href":"https:\/\/bodegaspedroheras.com\/en\/wp-json\/wp\/v2\/product\/3249","targetHints":{"allow":["GET"]}}],"collection":[{"href":"https:\/\/bodegaspedroheras.com\/en\/wp-json\/wp\/v2\/product"}],"about":[{"href":"https:\/\/bodegaspedroheras.com\/en\/wp-json\/wp\/v2\/types\/product"}],"wp:featuredmedia":[{"embeddable":true,"href":"https:\/\/bodegaspedroheras.com\/en\/wp-json\/wp\/v2\/media\/3250"}],"wp:attachment":[{"href":"https:\/\/bodegaspedroheras.com\/en\/wp-json\/wp\/v2\/media?parent=3249"}],"wp:term":[{"taxonomy":"product_brand","embeddable":true,"href":"https:\/\/bodegaspedroheras.com\/en\/wp-json\/wp\/v2\/product_brand?post=3249"},{"taxonomy":"product_cat","embeddable":true,"href":"https:\/\/bodegaspedroheras.com\/en\/wp-json\/wp\/v2\/product_cat?post=3249"},{"taxonomy":"product_tag","embeddable":true,"href":"https:\/\/bodegaspedroheras.com\/en\/wp-json\/wp\/v2\/product_tag?post=3249"}],"curies":[{"name":"wp","href":"https:\/\/api.w.org\/{rel}","templated":true}]}}