{"id":617,"date":"2017-06-07T09:02:44","date_gmt":"2017-06-07T08:02:44","guid":{"rendered":"http:\/\/bodegaspedroheras.com\/?page_id=617"},"modified":"2025-06-18T17:15:11","modified_gmt":"2025-06-18T16:15:11","slug":"certificacion","status":"publish","type":"page","link":"https:\/\/bodegaspedroheras.com\/en\/certificacion\/","title":{"rendered":"Quality Certificate"},"content":{"rendered":"<p>[vc_row][vc_column][vc_single_image image=&#8221;1011&#8243; img_size=&#8221;full&#8221; alignment=&#8221;center&#8221;][\/vc_column][\/vc_row][vc_row][vc_column][vc_column_text]<\/p>\n<p style=\"text-align: center\"><strong>SAN ISIDRO LABRADOR, Soc. Coop. de C-LM<\/strong>, se dedica a la actividad de:<\/p>\n<p><strong><em>\u201cElaboraci\u00f3n y Comercializaci\u00f3n de mostos, vinos Tintos, Blancos y\u00a0Rosados J\u00f3venes, a granel o envasados, y vinos Tintos de Crianza Embotellados\u201d.<\/em><\/strong><\/p>\n<p><strong><em>\u00a0<\/em><\/strong><\/p>\n<p>La Pol\u00edtica de Calidad de SAN ISIDRO LABRADOR, Soc. Coop. de C-LM., est\u00e1 basada en cumplir e incluso superar las expectativas de sus Clientes a trav\u00e9s de las siguientes acciones:<\/p>\n<ol>\n<li>Elaboraci\u00f3n de un producto eficiente, econ\u00f3mico y de Calidad, llevada a cabo con una uniformidad de criterios que proporcionan un toque distintivo a todos los productos elaborados por SAN ISIDRO LABRADOR, Soc. Coop. de C-LM.<\/li>\n<li>Garant\u00eda de un producto elaborado bajo el fiel cumplimiento de las regulaciones nacionales e internacionales aplicables, especialmente en cuanto a la Calidad de las materias primas, auxiliares y consumibles utilizados.<\/li>\n<li>Un programa continuo de formaci\u00f3n y reciclaje de sus profesionales.<\/li>\n<li>Mejora continua de los procesos de SAN ISIDRO LABRADOR, Soc. Coop. de C-LM, mediante la participaci\u00f3n individual y de equipo de todos los trabajadores, su formaci\u00f3n y el an\u00e1lisis de las observaciones y comentarios de los Clientes.<\/li>\n<\/ol>\n<p>Para alcanzar estos objetivos, es pol\u00edtica de la Direcci\u00f3n de <strong>SAN ISIDRO LABRADOR, Soc. Coop. de C-LM, <\/strong><strong>\u00a0<\/strong>liderar e impulsar la ejecuci\u00f3n de las siguientes acciones:<\/p>\n<ol>\n<li>Establecer y mantener un Sistema de Gesti\u00f3n de la Calidad efectivo y eficaz, planeado y desarrollado en conjunto con el resto de funciones de la Direcci\u00f3n.<\/li>\n<li>En el marco de dicho Sistema, la determinaci\u00f3n de la conformidad del trabajo con respecto a los requisitos contractuales y normativos estar\u00e1 siempre apoyada en resultados y evidencias objetivas.<\/li>\n<li>Asegurar que la Cooperativa y todo el personal est\u00e9n totalmente familiarizados con los Objetivos y la Pol\u00edtica de la Cooperativa a trav\u00e9s de un programa documentado de preparaci\u00f3n y formaci\u00f3n a todos los niveles de la misma.<\/li>\n<\/ol>\n<p>&nbsp;<\/p>\n<p>El Sistema de Gesti\u00f3n de la Calidad de <strong>SAN ISIDRO LABRADOR, Soc. Coop. de C-LM,<\/strong> est\u00e1 basado en los requisitos de la <strong>Norma UNE-EN ISO 9001<\/strong>.<\/p>\n<p style=\"text-align: center\"><em><a href=\"\/wp-content\/blogs.dir\/12\/files\/2017\/06\/certificado-ISO-9001-2015-1.pdf\" target=\"_blank\" rel=\"lightbox noopener\">Ver certificado<\/a><\/em><\/p>\n<p>Las Pedro\u00f1eras, 01 de\u00a0junio de 2018<\/p>\n<p style=\"text-align: center\"><strong>\u00a0Sof\u00eda Cano Hergueta<\/strong><\/p>\n<p style=\"text-align: center\"><strong>Responsable de Calidad<\/strong><\/p>\n<p>[\/vc_column_text][\/vc_column][\/vc_row]<\/p>","protected":false},"excerpt":{"rendered":"<p>[vc_row][vc_column][vc_single_image image=&#8221;1011&#8243; img_size=&#8221;full&#8221; alignment=&#8221;center&#8221;][\/vc_column][\/vc_row][vc_row][vc_column][vc_column_text] SAN ISIDRO LABRADOR, Soc. Coop. de C-LM, se dedica a la actividad de: \u201cElaboraci\u00f3n y Comercializaci\u00f3n de mostos, vinos Tintos, Blancos y\u00a0Rosados J\u00f3venes, a granel o envasados, y vinos Tintos de Crianza Embotellados\u201d. \u00a0 La Pol\u00edtica de Calidad de SAN ISIDRO LABRADOR, Soc. Coop. de C-LM., est\u00e1 basada en cumplir e [&hellip;]<\/p>\n","protected":false},"author":1,"featured_media":0,"parent":0,"menu_order":0,"comment_status":"closed","ping_status":"closed","template":"","meta":{"footnotes":""},"class_list":["post-617","page","type-page","status-publish","hentry"],"_links":{"self":[{"href":"https:\/\/bodegaspedroheras.com\/en\/wp-json\/wp\/v2\/pages\/617","targetHints":{"allow":["GET"]}}],"collection":[{"href":"https:\/\/bodegaspedroheras.com\/en\/wp-json\/wp\/v2\/pages"}],"about":[{"href":"https:\/\/bodegaspedroheras.com\/en\/wp-json\/wp\/v2\/types\/page"}],"author":[{"embeddable":true,"href":"https:\/\/bodegaspedroheras.com\/en\/wp-json\/wp\/v2\/users\/1"}],"replies":[{"embeddable":true,"href":"https:\/\/bodegaspedroheras.com\/en\/wp-json\/wp\/v2\/comments?post=617"}],"version-history":[{"count":29,"href":"https:\/\/bodegaspedroheras.com\/en\/wp-json\/wp\/v2\/pages\/617\/revisions"}],"predecessor-version":[{"id":3787,"href":"https:\/\/bodegaspedroheras.com\/en\/wp-json\/wp\/v2\/pages\/617\/revisions\/3787"}],"wp:attachment":[{"href":"https:\/\/bodegaspedroheras.com\/en\/wp-json\/wp\/v2\/media?parent=617"}],"curies":[{"name":"wp","href":"https:\/\/api.w.org\/{rel}","templated":true}]}}