{"id":199,"date":"2014-02-27T10:29:39","date_gmt":"2014-02-27T08:29:39","guid":{"rendered":"http:\/\/bodegaspedroheras.com\/politica-de-cookies\/"},"modified":"2019-01-10T22:47:18","modified_gmt":"2019-01-10T21:47:18","slug":"politica-de-cookies","status":"publish","type":"page","link":"https:\/\/bodegaspedroheras.com\/en\/politica-de-cookies\/","title":{"rendered":"Pol\u00edtica de cookies"},"content":{"rendered":"<p><\/p>\n<p align=\"center\"><strong><span style=\"text-decoration: underline;\"><span lang=\"ES-TRAD\">Pol\u00edtica de Cookies<\/span><\/span><\/strong><\/p>\n<p><span lang=\"ES-TRAD\">\u00a0<\/span><\/p>\n<p><span lang=\"ES-TRAD\">Esta web utiliza cookies propias y de terceros, con la \u00fanica finalidad de analizar la navegaci\u00f3n de usuarios por la web, de forma que esa informaci\u00f3n quede almacenada y pueda ser identificada en visitas posteriores del usuario. De esta manera, se nos permite analizar las visitas a nuestra p\u00e1gina web. <\/span><\/p>\n<p><span lang=\"ES-TRAD\">\u00a0<\/span><\/p>\n<p><span lang=\"ES-TRAD\">Las cookies son unos archivos que se instalan en el equipo con el que navegas a trav\u00e9s de nuestra web precisamente con las finalidades que te hemos indicado en el p\u00e1rrafo anterior. <\/span><\/p>\n<p><span lang=\"ES-TRAD\">\u00a0<\/span><\/p>\n<p><span lang=\"ES-TRAD\">Las cookies que utilizamos son las que se describen a continuaci\u00f3n:<\/span><\/p>\n<p><span lang=\"ES-TRAD\">\u00a0<\/span><\/p>\n<table width=\"491\" border=\"0\" cellspacing=\"1\" cellpadding=\"5\" bgcolor=\"#CCCCCC\">\n<tbody>\n<tr>\n<td bgcolor=\"#FFFFFF\" width=\"169\">PHPSESSID<\/td>\n<td valign=\"top\" bgcolor=\"#FFFFFF\" width=\"321\">Cookie generada por las aplicaciones basadas en el lenguaje PHP como es el caso de nuestra web.. Este es un identificador\u00a0 general que se utiliza para mantener las variables de sesi\u00f3n de usuario.<\/td>\n<\/tr>\n<tr>\n<td valign=\"bottom\" bgcolor=\"#FFFFFF\" width=\"169\"><span lang=\"EN-US\">_utma<\/span><\/td>\n<td valign=\"bottom\" bgcolor=\"#FFFFFF\" width=\"321\"><span lang=\"EN-US\">google analytics<\/span><\/td>\n<\/tr>\n<tr>\n<td valign=\"bottom\" bgcolor=\"#FFFFFF\" width=\"169\"><span lang=\"EN-US\">_utmb<\/span><\/td>\n<td valign=\"bottom\" bgcolor=\"#FFFFFF\" width=\"321\"><span lang=\"EN-US\">google analytics<\/span><\/td>\n<\/tr>\n<tr>\n<td valign=\"bottom\" bgcolor=\"#FFFFFF\" width=\"169\"><span lang=\"EN-US\">_utmc<\/span><\/td>\n<td valign=\"bottom\" bgcolor=\"#FFFFFF\" width=\"321\"><span lang=\"EN-US\">google analytics<\/span><\/td>\n<\/tr>\n<tr>\n<td valign=\"bottom\" bgcolor=\"#FFFFFF\" width=\"169\"><span lang=\"EN-US\">_utmz<\/span><\/td>\n<td valign=\"bottom\" bgcolor=\"#FFFFFF\" width=\"321\"><span lang=\"EN-US\">google <\/span>analytics<\/td>\n<\/tr>\n<\/tbody>\n<\/table>\n<p><span lang=\"ES-TRAD\">Puedes consultar la Pol\u00edtica de Privacidad de Google Analytics en <a href=\"http:\/\/www.google.es\/intl\/es\/analytics\/privacyoverview.html\">http:\/\/www.google.es\/intl\/es\/analytics\/privacyoverview.html<\/a>. <\/span><\/p>\n<p><span lang=\"ES-TRAD\">\u00a0<\/span><\/p>\n<p><span lang=\"ES-TRAD\">Con el uso de estos archivos no pretendemos tratar datos personales de los usuarios, como nombres o apellidos, sino que obtenemos informaci\u00f3n relacionada con n\u00famero de p\u00e1ginas visitas, n\u00famero de usuarios que nos visitan, frecuencia y reincidencia de visitas, tiempo de visita, etc., con el fin de mejorar nuestra web, detectar nuevas necesidades y prestar un mejor servicio en la red.<\/span><\/p>\n<p><span lang=\"ES-TRAD\">\u00a0<\/span><\/p>\n<p><span lang=\"ES-TRAD\">Consentir\u00e1s el uso de las cookies, si navegas por nuestra web desplaz\u00e1ndote hacia abajo, o haciendo clic en cualquier men\u00fa o enlace de la misma.<\/span><\/p>\n<p><span lang=\"ES-TRAD\">\u00a0<\/span><\/p>\n<p><span lang=\"ES-TRAD\">En cualquier caso, puedes permitir, bloquear y eliminar las cookies instaladas en tu equipo a trav\u00e9s de la configuraci\u00f3n de las opciones de tu navegador.<\/span><\/p>","protected":false},"excerpt":{"rendered":"<p>Pol\u00edtica de Cookies \u00a0 Esta web utiliza cookies propias y de terceros, con la \u00fanica finalidad de analizar la navegaci\u00f3n de usuarios por la web, de forma que esa informaci\u00f3n quede almacenada y pueda ser identificada en visitas posteriores del usuario. De esta manera, se nos permite analizar las visitas a nuestra p\u00e1gina web. \u00a0 [&hellip;]<\/p>\n","protected":false},"author":1,"featured_media":0,"parent":0,"menu_order":0,"comment_status":"closed","ping_status":"closed","template":"","meta":{"footnotes":""},"class_list":["post-199","page","type-page","status-publish","hentry"],"aioseo_notices":[],"_links":{"self":[{"href":"https:\/\/bodegaspedroheras.com\/en\/wp-json\/wp\/v2\/pages\/199","targetHints":{"allow":["GET"]}}],"collection":[{"href":"https:\/\/bodegaspedroheras.com\/en\/wp-json\/wp\/v2\/pages"}],"about":[{"href":"https:\/\/bodegaspedroheras.com\/en\/wp-json\/wp\/v2\/types\/page"}],"author":[{"embeddable":true,"href":"https:\/\/bodegaspedroheras.com\/en\/wp-json\/wp\/v2\/users\/1"}],"replies":[{"embeddable":true,"href":"https:\/\/bodegaspedroheras.com\/en\/wp-json\/wp\/v2\/comments?post=199"}],"version-history":[{"count":8,"href":"https:\/\/bodegaspedroheras.com\/en\/wp-json\/wp\/v2\/pages\/199\/revisions"}],"predecessor-version":[{"id":1019,"href":"https:\/\/bodegaspedroheras.com\/en\/wp-json\/wp\/v2\/pages\/199\/revisions\/1019"}],"wp:attachment":[{"href":"https:\/\/bodegaspedroheras.com\/en\/wp-json\/wp\/v2\/media?parent=199"}],"curies":[{"name":"wp","href":"https:\/\/api.w.org\/{rel}","templated":true}]}}