{"id":12,"date":"2009-08-02T20:29:59","date_gmt":"2009-08-02T18:29:59","guid":{"rendered":"http:\/\/pedroheras\/?page_id=12"},"modified":"2021-11-24T18:17:56","modified_gmt":"2021-11-24T17:17:56","slug":"vinedo","status":"publish","type":"page","link":"https:\/\/bodegaspedroheras.com\/en\/vinedo\/","title":{"rendered":"VINEYARD"},"content":{"rendered":"<p>[vc_row css_animation=&#8221;fadeInDown&#8221;][vc_column][vc_single_image image=&#8221;2463&#8243; img_size=&#8221;full&#8221; css_animation=&#8221;none&#8221; el_class=&#8221;about-photo p-20 bg-img-1&#8243;][\/vc_column][\/vc_row][vc_row content_placement=&#8221;middle&#8221; css_animation=&#8221;fadeInUp&#8221; css=&#8221;.vc_custom_1631708904798{margin-top: 85px !important;}&#8221;][vc_column width=&#8221;4\/12&#8243;][vc_single_image image=&#8221;2464&#8243; img_size=&#8221;full&#8221; el_class=&#8221;about-photo p-20 bg-img-1&#8243;][\/vc_column][vc_column css_animation=&#8221;none&#8221; width=&#8221;8\/12&#8243;][vc_column_text css=&#8221;.vc_custom_1631724241299{padding-top: 0px !important;}&#8221;]At Bodegas Pedroheras we use grapes from 1,700 hectares of vineyards, including white and red varieties. The predominant varieties are Airen (white grapes) and Tempranillo (red grapes). In smaller quantities we work with other varieties such as Verdejo, Macabeo (Viura), Syrah, Cabernet Sauvignon or Sauvignon Blanc.[\/vc_column_text][\/vc_column][\/vc_row][vc_row content_placement=&#8221;middle&#8221; css_animation=&#8221;fadeInUp&#8221; css=&#8221;.vc_custom_1631708909601{margin-top: 65px !important;}&#8221;][vc_column width=&#8221;2\/3&#8243;][vc_column_text]<\/p>\n<p>The average age of the white variety plantations is around 20 years old, while the average age of the red varieties is around 35 years old. We have an extensive are of unirrigated vineyards in globet trained vine with low growth and real frame. In terms of grape production, the grape load never exceeds 6kg for white varieties and 3kg for red varieties.<\/p>\n<p>[\/vc_column_text][\/vc_column][vc_column width=&#8221;1\/3&#8243;][vc_single_image image=&#8221;2462&#8243; img_size=&#8221;full&#8221; css_animation=&#8221;none&#8221; el_class=&#8221;about-photo p-20 bg-img-1&#8243;][\/vc_column][\/vc_row][vc_row content_placement=&#8221;middle&#8221; css_animation=&#8221;fadeInUp&#8221; css=&#8221;.vc_custom_1631708914865{margin-top: 65px !important;}&#8221;][vc_column width=&#8221;1\/3&#8243;][vc_single_image image=&#8221;2484&#8243; img_size=&#8221;full&#8221; el_class=&#8221;about-photo p-20 bg-img-1&#8243;][\/vc_column][vc_column width=&#8221;2\/3&#8243;][vc_column_text]From the winery, we offer our winegrowers a series of services (advice on phytosanitary products, leasing of tools, formalization of agricultural insurance, training and obtaining agricultural certificates, etc.) with the aim of facilitating their work, professionalizing the sector and obtaining better quality grapes.[\/vc_column_text][\/vc_column][\/vc_row][vc_row content_placement=&#8221;middle&#8221; css_animation=&#8221;fadeInUp&#8221; css=&#8221;.vc_custom_1631708921764{margin-top: 65px !important;}&#8221;][vc_column width=&#8221;2\/3&#8243;][vc_column_text]<\/p>\n<p>For the grape harvest, our laboratory specialist (chemists and oenologist) carry out the sampling and study of the grapes, controlling the parameters until they are optimal for the start of the harvest campaign.<\/p>\n<p>[\/vc_column_text][\/vc_column][vc_column width=&#8221;1\/3&#8243;][vc_single_image image=&#8221;2469&#8243; img_size=&#8221;full&#8221; el_class=&#8221;about-photo p-20 bg-img-1&#8243;][\/vc_column][\/vc_row]<\/p>","protected":false},"excerpt":{"rendered":"<p class=\"qtranxs-available-languages-message qtranxs-available-languages-message-en\">Sorry, this entry is only available in <a href=\"https:\/\/bodegaspedroheras.com\/es\/wp-json\/wp\/v2\/pages\/12\" class=\"qtranxs-available-language-link qtranxs-available-language-link-es\" title=\"Espa\u00f1ol\">Espa\u00f1ol<\/a>. For the sake of viewer convenience, the content is shown below in the alternative language. You may click the link to switch the active language.<\/p>\n<p>En Bodegas Pedroheras contamos con la uva aportada por 1.700 hect\u00e1reas de vi\u00f1edo, entre variedades blancas y tintas. Las variedades predominantes son la Air\u00e9n (en uvas blancas) y la Tempranillo (en uvas tintas), en menor cantidad trabajamos con otras variedades como pueden ser Verdejo, Macabeo, Syrah, Cabernet Sauvignon o Sauvignon Blanc.<\/p>\n","protected":false},"author":1,"featured_media":2446,"parent":0,"menu_order":4,"comment_status":"closed","ping_status":"closed","template":"","meta":{"footnotes":""},"class_list":["post-12","page","type-page","status-publish","has-post-thumbnail","hentry"],"_links":{"self":[{"href":"https:\/\/bodegaspedroheras.com\/en\/wp-json\/wp\/v2\/pages\/12","targetHints":{"allow":["GET"]}}],"collection":[{"href":"https:\/\/bodegaspedroheras.com\/en\/wp-json\/wp\/v2\/pages"}],"about":[{"href":"https:\/\/bodegaspedroheras.com\/en\/wp-json\/wp\/v2\/types\/page"}],"author":[{"embeddable":true,"href":"https:\/\/bodegaspedroheras.com\/en\/wp-json\/wp\/v2\/users\/1"}],"replies":[{"embeddable":true,"href":"https:\/\/bodegaspedroheras.com\/en\/wp-json\/wp\/v2\/comments?post=12"}],"version-history":[{"count":17,"href":"https:\/\/bodegaspedroheras.com\/en\/wp-json\/wp\/v2\/pages\/12\/revisions"}],"predecessor-version":[{"id":2503,"href":"https:\/\/bodegaspedroheras.com\/en\/wp-json\/wp\/v2\/pages\/12\/revisions\/2503"}],"wp:featuredmedia":[{"embeddable":true,"href":"https:\/\/bodegaspedroheras.com\/en\/wp-json\/wp\/v2\/media\/2446"}],"wp:attachment":[{"href":"https:\/\/bodegaspedroheras.com\/en\/wp-json\/wp\/v2\/media?parent=12"}],"curies":[{"name":"wp","href":"https:\/\/api.w.org\/{rel}","templated":true}]}}